{"id":4935,"date":"2023-04-24T11:48:55","date_gmt":"2023-04-24T11:48:55","guid":{"rendered":"https:\/\/megazipline.is\/?page_id=4935"},"modified":"2023-05-10T11:37:51","modified_gmt":"2023-05-10T11:37:51","slug":"conventional-ride-free-fall","status":"publish","type":"page","link":"https:\/\/megazipline.is\/is\/conventional-ride-free-fall\/","title":{"rendered":"Conventional Ride &amp; Free Fall"},"content":{"rendered":"<div data-elementor-type=\"wp-page\" data-elementor-id=\"4935\" class=\"elementor elementor-4935\" data-elementor-post-type=\"page\">\n\t\t\t\t\t\t<section data-dce-background-image-url=\"https:\/\/megazipline.is\/wp-content\/uploads\/2022\/03\/experience-test2.png\" class=\"elementor-section elementor-top-section elementor-element elementor-element-41f53702 elementor-section-height-min-height elementor-section-content-middle elementor-section-boxed elementor-section-height-default elementor-section-items-middle\" data-id=\"41f53702\" data-element_type=\"section\" data-settings=\"{&quot;background_background&quot;:&quot;classic&quot;,&quot;background_motion_fx_motion_fx_scrolling&quot;:&quot;yes&quot;,&quot;background_motion_fx_translateX_effect&quot;:&quot;yes&quot;,&quot;background_motion_fx_translateX_direction&quot;:&quot;negative&quot;,&quot;background_motion_fx_translateX_speed&quot;:{&quot;unit&quot;:&quot;px&quot;,&quot;size&quot;:3,&quot;sizes&quot;:[]},&quot;background_motion_fx_devices&quot;:[&quot;desktop&quot;],&quot;motion_fx_motion_fx_scrolling&quot;:&quot;yes&quot;,&quot;background_motion_fx_translateX_affectedRange&quot;:{&quot;unit&quot;:&quot;%&quot;,&quot;size&quot;:&quot;&quot;,&quot;sizes&quot;:{&quot;start&quot;:0,&quot;end&quot;:100}},&quot;motion_fx_devices&quot;:[&quot;desktop&quot;,&quot;tablet&quot;,&quot;mobile&quot;]}\">\n\t\t\t\t\t\t\t<div class=\"elementor-background-overlay\"><\/div>\n\t\t\t\t\t\t\t<div class=\"elementor-container elementor-column-gap-default\">\n\t\t\t\t\t<div class=\"elementor-column elementor-col-100 elementor-top-column elementor-element elementor-element-55cccdc1\" data-id=\"55cccdc1\" data-element_type=\"column\">\n\t\t\t<div class=\"elementor-widget-wrap elementor-element-populated\">\n\t\t\t\t\t\t<div class=\"elementor-element elementor-element-1997ef77 elementor-widget elementor-widget-heading\" data-id=\"1997ef77\" data-element_type=\"widget\" data-widget_type=\"heading.default\">\n\t\t\t\t<div class=\"elementor-widget-container\">\n\t\t\t<h2 class=\"elementor-heading-title elementor-size-default\">Conventional Ride & <br>\nFree Fall\n<\/h2>\t\t<\/div>\n\t\t\t\t<\/div>\n\t\t\t\t<div class=\"elementor-element elementor-element-65911890 elementor-hidden-desktop elementor-hidden-tablet elementor-hidden-mobile elementor-widget elementor-widget-heading\" data-id=\"65911890\" data-element_type=\"widget\" data-widget_type=\"heading.default\">\n\t\t\t\t<div class=\"elementor-widget-container\">\n\t\t\t<h2 class=\"elementor-heading-title elementor-size-default\">Fuglinn<\/h2>\t\t<\/div>\n\t\t\t\t<\/div>\n\t\t\t\t\t<\/div>\n\t\t<\/div>\n\t\t\t\t\t<\/div>\n\t\t<\/section>\n\t\t\t\t<section class=\"elementor-section elementor-top-section elementor-element elementor-element-41dbbcf3 elementor-section-boxed elementor-section-height-default elementor-section-height-default\" data-id=\"41dbbcf3\" data-element_type=\"section\" data-settings=\"{&quot;background_background&quot;:&quot;classic&quot;}\">\n\t\t\t\t\t\t<div class=\"elementor-container elementor-column-gap-default\">\n\t\t\t\t\t<div class=\"elementor-column elementor-col-100 elementor-top-column elementor-element elementor-element-2b7bf1f9\" data-id=\"2b7bf1f9\" data-element_type=\"column\">\n\t\t\t<div class=\"elementor-widget-wrap elementor-element-populated\">\n\t\t\t\t\t\t<section class=\"elementor-section elementor-inner-section elementor-element elementor-element-216c040c elementor-section-boxed elementor-section-height-default elementor-section-height-default\" data-id=\"216c040c\" data-element_type=\"section\">\n\t\t\t\t\t\t<div class=\"elementor-container elementor-column-gap-default\">\n\t\t\t\t\t<div class=\"elementor-column elementor-col-50 elementor-inner-column elementor-element elementor-element-6d5e6272\" data-id=\"6d5e6272\" data-element_type=\"column\">\n\t\t\t<div class=\"elementor-widget-wrap elementor-element-populated\">\n\t\t\t\t\t\t<div class=\"elementor-element elementor-element-5040c48c elementor-widget elementor-widget-heading\" data-id=\"5040c48c\" data-element_type=\"widget\" data-widget_type=\"heading.default\">\n\t\t\t\t<div class=\"elementor-widget-container\">\n\t\t\t<h1 class=\"elementor-heading-title elementor-size-default\">L\u00fdsing \u00e1 fer\u00f0 <\/h1>\t\t<\/div>\n\t\t\t\t<\/div>\n\t\t\t\t<div class=\"elementor-element elementor-element-770b61db elementor-widget elementor-widget-text-editor\" data-id=\"770b61db\" data-element_type=\"widget\" data-widget_type=\"text-editor.default\">\n\t\t\t\t<div class=\"elementor-widget-container\">\n\t\t\t\t\t\t\t<h2><span style=\"font-size: 12pt; font-family: Arial; color: #000000; background-color: transparent; font-weight: 400; font-style: normal; font-variant: normal; text-decoration: none; vertical-align: baseline; white-space: pre-wrap;\">Conventional Ride &amp; Free Fall\n<\/span><\/h2>\n<span style=\"background-color: transparent; color: #57646f; font-family: Arial; font-size: 10.5pt; white-space: pre-wrap;\">Vins\u00e6lasta fer\u00f0in okkar er Frj\u00e1ls eins og fuglinn. Gestir sitja \u00ed \u00fear til ger\u00f0u belti me\u00f0 fr\u00e1b\u00e6ru \u00fats\u00fdni. \u00de\u00fa hefur fullt vald \u00e1 hra\u00f0anum og \u00fe\u00e6gindin eru \u00ed fyrirr\u00fami svo \u00fe\u00fa getur noti\u00f0 fer\u00f0arinnar og \u00fats\u00fdnisins. Vi\u00f0 m\u00e6lum me\u00f0 \u00feessum valkosti fyrir \u00fe\u00e1 sem eru a\u00f0 pr\u00f3fa \u00ed fyrsta skipti. Fr\u00e1b\u00e6r skemmtun og h\u00e6gt er a\u00f0 nj\u00f3ta fer\u00f0arinnar me\u00f0 fer\u00f0af\u00e9laga \u00e1 hinni l\u00ednunni.<\/span>\t\t\t\t\t\t<\/div>\n\t\t\t\t<\/div>\n\t\t\t\t<div class=\"elementor-element elementor-element-6c340b07 elementor-widget elementor-widget-spacer\" data-id=\"6c340b07\" data-element_type=\"widget\" data-widget_type=\"spacer.default\">\n\t\t\t\t<div class=\"elementor-widget-container\">\n\t\t\t\t\t<div class=\"elementor-spacer\">\n\t\t\t<div class=\"elementor-spacer-inner\"><\/div>\n\t\t<\/div>\n\t\t\t\t<\/div>\n\t\t\t\t<\/div>\n\t\t\t\t<div class=\"elementor-element elementor-element-45d6794b elementor-widget elementor-widget-heading\" data-id=\"45d6794b\" data-element_type=\"widget\" data-widget_type=\"heading.default\">\n\t\t\t\t<div class=\"elementor-widget-container\">\n\t\t\t<h2 class=\"elementor-heading-title elementor-size-default\">B\u00e6ttu vi\u00f0 upplifunina<\/h2>\t\t<\/div>\n\t\t\t\t<\/div>\n\t\t\t\t<div class=\"elementor-element elementor-element-7b8a1834 elementor-widget elementor-widget-heading\" data-id=\"7b8a1834\" data-element_type=\"widget\" data-widget_type=\"heading.default\">\n\t\t\t\t<div class=\"elementor-widget-container\">\n\t\t\t<h3 class=\"elementor-heading-title elementor-size-default\">H\u00e1g\u00e6\u00f0a myndband af fluginu \u00fe\u00ednu<\/h3>\t\t<\/div>\n\t\t\t\t<\/div>\n\t\t\t\t<div class=\"elementor-element elementor-element-1419a17b elementor-widget elementor-widget-text-editor\" data-id=\"1419a17b\" data-element_type=\"widget\" data-widget_type=\"text-editor.default\">\n\t\t\t\t<div class=\"elementor-widget-container\">\n\t\t\t\t\t\t\t<p>\u00de\u00fa getur endurupplifa\u00f0 flugi\u00f0 me\u00f0 \u00fev\u00ed a\u00f0 kaupa myndband af upplifuninni. VI\u00f0 t\u00f6kum upp flugi\u00f0 me\u00f0 sj\u00e1lfvirkum myndav\u00e9lum sem eru sta\u00f0settar me\u00f0fram l\u00ednunum. Myndb\u00f6ndin eru til s\u00f6lu um lei\u00f0 og fluginu l\u00edkur, tilb\u00fain a\u00f0 senda \u00e1 vini og deila \u00e1 samf\u00e9lagsmi\u00f0lum.<br \/>Kr. 2.900 \u00e1 mann<\/p><p>Haka\u00f0u vi\u00f0 \u00feennan m\u00f6guleika \u00ed kaupferlinu.<\/p>\t\t\t\t\t\t<\/div>\n\t\t\t\t<\/div>\n\t\t\t\t<div class=\"elementor-element elementor-element-34d6f746 elementor-widget elementor-widget-heading\" data-id=\"34d6f746\" data-element_type=\"widget\" data-widget_type=\"heading.default\">\n\t\t\t\t<div class=\"elementor-widget-container\">\n\t\t\t<h2 class=\"elementor-heading-title elementor-size-default\">Hva\u00f0 er innifali\u00f0?<\/h2>\t\t<\/div>\n\t\t\t\t<\/div>\n\t\t\t\t<div class=\"elementor-element elementor-element-3a1d173d elementor-icon-list--layout-traditional elementor-list-item-link-full_width elementor-widget elementor-widget-icon-list\" data-id=\"3a1d173d\" data-element_type=\"widget\" data-widget_type=\"icon-list.default\">\n\t\t\t\t<div class=\"elementor-widget-container\">\n\t\t\t\t\t<ul class=\"elementor-icon-list-items\">\n\t\t\t\t\t\t\t<li class=\"elementor-icon-list-item\">\n\t\t\t\t\t\t\t\t\t\t\t<span class=\"elementor-icon-list-icon\">\n\t\t\t\t\t\t\t<i aria-hidden=\"true\" class=\"far fa-dot-circle\"><\/i>\t\t\t\t\t\t<\/span>\n\t\t\t\t\t\t\t\t\t\t<span class=\"elementor-icon-list-text\">A\u00f0gangur fyrir einn<\/span>\n\t\t\t\t\t\t\t\t\t<\/li>\n\t\t\t\t\t\t\t\t<li class=\"elementor-icon-list-item\">\n\t\t\t\t\t\t\t\t\t\t\t<span class=\"elementor-icon-list-icon\">\n\t\t\t\t\t\t\t<i aria-hidden=\"true\" class=\"far fa-dot-circle\"><\/i>\t\t\t\t\t\t<\/span>\n\t\t\t\t\t\t\t\t\t\t<span class=\"elementor-icon-list-text\">Akstur langlei\u00f0ina a\u00f0 flugturninum (Gestir ver\u00f0a a\u00f0 ganga s\u00ed\u00f0asta sp\u00f6linn sj\u00e1lfir).<\/span>\n\t\t\t\t\t\t\t\t\t<\/li>\n\t\t\t\t\t\t\t\t<li class=\"elementor-icon-list-item\">\n\t\t\t\t\t\t\t\t\t\t\t<span class=\"elementor-icon-list-icon\">\n\t\t\t\t\t\t\t<i aria-hidden=\"true\" class=\"far fa-dot-circle\"><\/i>\t\t\t\t\t\t<\/span>\n\t\t\t\t\t\t\t\t\t\t<span class=\"elementor-icon-list-text\">Allur \u00f6ryggisb\u00fana\u00f0ur: Belti og hj\u00e1lmur.<\/span>\n\t\t\t\t\t\t\t\t\t<\/li>\n\t\t\t\t\t\t<\/ul>\n\t\t\t\t<\/div>\n\t\t\t\t<\/div>\n\t\t\t\t<div class=\"elementor-element elementor-element-144269a elementor-widget elementor-widget-spacer\" data-id=\"144269a\" data-element_type=\"widget\" data-widget_type=\"spacer.default\">\n\t\t\t\t<div class=\"elementor-widget-container\">\n\t\t\t\t\t<div class=\"elementor-spacer\">\n\t\t\t<div class=\"elementor-spacer-inner\"><\/div>\n\t\t<\/div>\n\t\t\t\t<\/div>\n\t\t\t\t<\/div>\n\t\t\t\t<div class=\"elementor-element elementor-element-1ae4fc65 elementor-widget elementor-widget-heading\" data-id=\"1ae4fc65\" data-element_type=\"widget\" data-widget_type=\"heading.default\">\n\t\t\t\t<div class=\"elementor-widget-container\">\n\t\t\t<h2 class=\"elementor-heading-title elementor-size-default\">T\u00edmi og erfi\u00f0leikastig<\/h2>\t\t<\/div>\n\t\t\t\t<\/div>\n\t\t\t\t<div class=\"elementor-element elementor-element-222b1190 elementor-icon-list--layout-traditional elementor-list-item-link-full_width elementor-widget elementor-widget-icon-list\" data-id=\"222b1190\" data-element_type=\"widget\" data-widget_type=\"icon-list.default\">\n\t\t\t\t<div class=\"elementor-widget-container\">\n\t\t\t\t\t<ul class=\"elementor-icon-list-items\">\n\t\t\t\t\t\t\t<li class=\"elementor-icon-list-item\">\n\t\t\t\t\t\t\t\t\t\t\t<span class=\"elementor-icon-list-icon\">\n\t\t\t\t\t\t\t<i aria-hidden=\"true\" class=\"far fa-dot-circle\"><\/i>\t\t\t\t\t\t<\/span>\n\t\t\t\t\t\t\t\t\t\t<span class=\"elementor-icon-list-text\">40 minutes (from check- in to check-out)<\/span>\n\t\t\t\t\t\t\t\t\t<\/li>\n\t\t\t\t\t\t\t\t<li class=\"elementor-icon-list-item\">\n\t\t\t\t\t\t\t\t\t\t\t<span class=\"elementor-icon-list-icon\">\n\t\t\t\t\t\t\t<i aria-hidden=\"true\" class=\"far fa-dot-circle\"><\/i>\t\t\t\t\t\t<\/span>\n\t\t\t\t\t\t\t\t\t\t<span class=\"elementor-icon-list-text\">Flugi\u00f0 \u00e6tti a\u00f0 henta \u00f6llum eldri en 9 \u00e1ra en \u00fe\u00f3 eru \u00feyngdar og h\u00e6\u00f0artakmarkanir.<\/span>\n\t\t\t\t\t\t\t\t\t<\/li>\n\t\t\t\t\t\t<\/ul>\n\t\t\t\t<\/div>\n\t\t\t\t<\/div>\n\t\t\t\t<div class=\"elementor-element elementor-element-2a05138a elementor-widget elementor-widget-heading\" data-id=\"2a05138a\" data-element_type=\"widget\" data-widget_type=\"heading.default\">\n\t\t\t\t<div class=\"elementor-widget-container\">\n\t\t\t<h2 class=\"elementor-heading-title elementor-size-default\">Afb\u00f3kun<\/h2>\t\t<\/div>\n\t\t\t\t<\/div>\n\t\t\t\t<div class=\"elementor-element elementor-element-3a5b7df3 elementor-widget elementor-widget-text-editor\" data-id=\"3a5b7df3\" data-element_type=\"widget\" data-widget_type=\"text-editor.default\">\n\t\t\t\t<div class=\"elementor-widget-container\">\n\t\t\t\t\t\t\t<p>Ekki er h\u00e6gt a\u00f0 f\u00e1 endurgreitt ef afb\u00f3ka\u00f0 er innan s\u00f3larhrings fr\u00e1 \u00e1\u00e6tlu\u00f0um flugt\u00edma.<\/p>\t\t\t\t\t\t<\/div>\n\t\t\t\t<\/div>\n\t\t\t\t\t<\/div>\n\t\t<\/div>\n\t\t\t\t<div class=\"elementor-column elementor-col-50 elementor-inner-column elementor-element elementor-element-5f0417e5\" data-id=\"5f0417e5\" data-element_type=\"column\">\n\t\t\t<div class=\"elementor-widget-wrap elementor-element-populated\">\n\t\t\t\t\t\t<div class=\"elementor-element elementor-element-5f7d21f6 elementor-widget elementor-widget-html\" data-id=\"5f7d21f6\" data-element_type=\"widget\" data-widget_type=\"html.default\">\n\t\t\t\t<div class=\"elementor-widget-container\">\n\t\t\t<script type=\"text\/javascript\" src=\"https:\/\/widgets.bokun.io\/assets\/javascripts\/apps\/build\/BokunWidgetsLoader.js?bookingChannelUUID=546e266b-e54a-4e8f-92c4-14cb4501cd16\" async><\/script>\n     \n    <div class=\"bokunWidget\" data-src=\"https:\/\/widgets.bokun.io\/online-sales\/546e266b-e54a-4e8f-92c4-14cb4501cd16\/experience-calendar\/683306\"><\/div>\n    <noscript>Please enable javascript in your browser to book<\/noscript>\n\t\t<\/div>\n\t\t\t\t<\/div>\n\t\t\t\t\t<\/div>\n\t\t<\/div>\n\t\t\t\t\t<\/div>\n\t\t<\/section>\n\t\t\t\t<section class=\"elementor-section elementor-inner-section elementor-element elementor-element-46e566a3 elementor-section-boxed elementor-section-height-default elementor-section-height-default\" data-id=\"46e566a3\" data-element_type=\"section\">\n\t\t\t\t\t\t<div class=\"elementor-container elementor-column-gap-default\">\n\t\t\t\t\t<div class=\"elementor-column elementor-col-100 elementor-inner-column elementor-element elementor-element-1e167aa0\" data-id=\"1e167aa0\" data-element_type=\"column\">\n\t\t\t<div class=\"elementor-widget-wrap elementor-element-populated\">\n\t\t\t\t\t\t<div class=\"elementor-element elementor-element-e2e2b73 elementor-widget elementor-widget-heading\" data-id=\"e2e2b73\" data-element_type=\"widget\" data-widget_type=\"heading.default\">\n\t\t\t\t<div class=\"elementor-widget-container\">\n\t\t\t<h2 class=\"elementor-heading-title elementor-size-default\">Sko\u00f0a\u00f0u a\u00f0rar fer\u00f0ir hj\u00e1 okkur<\/h2>\t\t<\/div>\n\t\t\t\t<\/div>\n\t\t\t\t<section class=\"elementor-section elementor-inner-section elementor-element elementor-element-4b20044f elementor-section-boxed elementor-section-height-default elementor-section-height-default\" data-id=\"4b20044f\" data-element_type=\"section\">\n\t\t\t\t\t\t<div class=\"elementor-container elementor-column-gap-default\">\n\t\t\t\t\t<div class=\"elementor-column elementor-col-25 elementor-inner-column elementor-element elementor-element-4f62eda6\" data-id=\"4f62eda6\" data-element_type=\"column\">\n\t\t\t<div class=\"elementor-widget-wrap elementor-element-populated\">\n\t\t\t\t\t\t<div class=\"elementor-element elementor-element-64a8f643 elementor-mobile-align-center elementor-widget elementor-widget-button\" data-id=\"64a8f643\" data-element_type=\"widget\" data-widget_type=\"button.default\">\n\t\t\t\t<div class=\"elementor-widget-container\">\n\t\t\t<style>.elementor-element-64a8f643{display:none !important}<\/style>\t\t<\/div>\n\t\t\t\t<\/div>\n\t\t\t\t<div class=\"elementor-element elementor-element-7919215f elementor-mobile-align-center elementor-widget elementor-widget-button\" data-id=\"7919215f\" data-element_type=\"widget\" data-widget_type=\"button.default\">\n\t\t\t\t<div class=\"elementor-widget-container\">\n\t\t\t\t\t<div class=\"elementor-button-wrapper\">\n\t\t\t<a class=\"elementor-button elementor-button-link elementor-size-sm\" href=\"https:\/\/megazipline.is\/is\/superman-ride\/\">\n\t\t\t\t\t\t<span class=\"elementor-button-content-wrapper\">\n\t\t\t\t\t\t\t\t\t<span class=\"elementor-button-text\">Liggjandi fer\u00f0<\/span>\n\t\t\t\t\t<\/span>\n\t\t\t\t\t<\/a>\n\t\t<\/div>\n\t\t\t\t<\/div>\n\t\t\t\t<\/div>\n\t\t\t\t\t<\/div>\n\t\t<\/div>\n\t\t\t\t<div class=\"elementor-column elementor-col-25 elementor-inner-column elementor-element elementor-element-62501bc\" data-id=\"62501bc\" data-element_type=\"column\">\n\t\t\t<div class=\"elementor-widget-wrap elementor-element-populated\">\n\t\t\t\t\t\t<div class=\"elementor-element elementor-element-5a2a9eae elementor-mobile-align-center elementor-widget elementor-widget-button\" data-id=\"5a2a9eae\" data-element_type=\"widget\" data-widget_type=\"button.default\">\n\t\t\t\t<div class=\"elementor-widget-container\">\n\t\t\t<style>.elementor-element-5a2a9eae{display:none !important}<\/style>\t\t<\/div>\n\t\t\t\t<\/div>\n\t\t\t\t<div class=\"elementor-element elementor-element-65066f76 elementor-mobile-align-center elementor-widget elementor-widget-button\" data-id=\"65066f76\" data-element_type=\"widget\" data-widget_type=\"button.default\">\n\t\t\t\t<div class=\"elementor-widget-container\">\n\t\t\t\t\t<div class=\"elementor-button-wrapper\">\n\t\t\t<a class=\"elementor-button elementor-button-link elementor-size-sm\" href=\"https:\/\/megazipline.is\/is\/freefall-line\/\">\n\t\t\t\t\t\t<span class=\"elementor-button-content-wrapper\">\n\t\t\t\t\t\t\t\t\t<span class=\"elementor-button-text\">\u00cd frj\u00e1lsu falli<\/span>\n\t\t\t\t\t<\/span>\n\t\t\t\t\t<\/a>\n\t\t<\/div>\n\t\t\t\t<\/div>\n\t\t\t\t<\/div>\n\t\t\t\t\t<\/div>\n\t\t<\/div>\n\t\t\t\t<div class=\"elementor-column elementor-col-25 elementor-inner-column elementor-element elementor-element-52903f64\" data-id=\"52903f64\" data-element_type=\"column\">\n\t\t\t<div class=\"elementor-widget-wrap elementor-element-populated\">\n\t\t\t\t\t\t<div class=\"elementor-element elementor-element-1cfc6123 elementor-mobile-align-center elementor-widget elementor-widget-button\" data-id=\"1cfc6123\" data-element_type=\"widget\" data-widget_type=\"button.default\">\n\t\t\t\t<div class=\"elementor-widget-container\">\n\t\t\t<style>.elementor-element-1cfc6123{display:none !important}<\/style>\t\t<\/div>\n\t\t\t\t<\/div>\n\t\t\t\t<div class=\"elementor-element elementor-element-16f87c3e elementor-mobile-align-center elementor-widget elementor-widget-button\" data-id=\"16f87c3e\" data-element_type=\"widget\" data-widget_type=\"button.default\">\n\t\t\t\t<div class=\"elementor-widget-container\">\n\t\t\t\t\t<div class=\"elementor-button-wrapper\">\n\t\t\t<a class=\"elementor-button elementor-button-link elementor-size-sm\" href=\"https:\/\/megazipline.is\/is\/gift-card\/\">\n\t\t\t\t\t\t<span class=\"elementor-button-content-wrapper\">\n\t\t\t\t\t\t\t\t\t<span class=\"elementor-button-text\">Gjafakort<\/span>\n\t\t\t\t\t<\/span>\n\t\t\t\t\t<\/a>\n\t\t<\/div>\n\t\t\t\t<\/div>\n\t\t\t\t<\/div>\n\t\t\t\t\t<\/div>\n\t\t<\/div>\n\t\t\t\t<div class=\"elementor-column elementor-col-25 elementor-inner-column elementor-element elementor-element-3675ecc3\" data-id=\"3675ecc3\" data-element_type=\"column\">\n\t\t\t<div class=\"elementor-widget-wrap\">\n\t\t\t\t\t\t\t<\/div>\n\t\t<\/div>\n\t\t\t\t\t<\/div>\n\t\t<\/section>\n\t\t\t\t\t<\/div>\n\t\t<\/div>\n\t\t\t\t\t<\/div>\n\t\t<\/section>\n\t\t\t\t\t<\/div>\n\t\t<\/div>\n\t\t\t\t\t<\/div>\n\t\t<\/section>\n\t\t\t\t<\/div>","protected":false},"excerpt":{"rendered":"<p>Conventional Ride &#038; Free Fall Conventional ride Description Conventional Ride &amp; Free Fall In our conventional ride, you will experience the thrill of flying through the amazing Icelandic landscape, sitting in a comfortable specially designed harness that makes this ride truly sensational for all senses.\u00a0 This tour, which is a full kilometre of pure excitement, [&hellip;]<\/p>","protected":false},"author":5,"featured_media":0,"parent":0,"menu_order":0,"comment_status":"closed","ping_status":"closed","template":"elementor_header_footer","meta":{"footnotes":""},"class_list":["post-4935","page","type-page","status-publish","hentry"],"yoast_head":"<!-- This site is optimized with the Yoast SEO plugin v23.0 - https:\/\/yoast.com\/wordpress\/plugins\/seo\/ -->\n<title>Conventional Ride &amp; Free Fall - MEGA ZIPLINE<\/title>\n<meta name=\"robots\" content=\"index, follow, max-snippet:-1, max-image-preview:large, max-video-preview:-1\" \/>\n<link rel=\"canonical\" href=\"https:\/\/megazipline.is\/is\/conventional-ride-free-fall\/\" \/>\n<meta property=\"og:locale\" content=\"is_IS\" \/>\n<meta property=\"og:type\" content=\"article\" \/>\n<meta property=\"og:title\" content=\"Conventional Ride &amp; Free Fall - MEGA ZIPLINE\" \/>\n<meta property=\"og:description\" content=\"Conventional Ride &#038; Free Fall Conventional ride Description Conventional Ride &amp; Free Fall In our conventional ride, you will experience the thrill of flying through the amazing Icelandic landscape, sitting in a comfortable specially designed harness that makes this ride truly sensational for all senses.\u00a0 This tour, which is a full kilometre of pure excitement, [&hellip;]\" \/>\n<meta property=\"og:url\" content=\"https:\/\/megazipline.is\/is\/conventional-ride-free-fall\/\" \/>\n<meta property=\"og:site_name\" content=\"MEGA ZIPLINE\" \/>\n<meta property=\"article:modified_time\" content=\"2023-05-10T11:37:51+00:00\" \/>\n<meta name=\"twitter:card\" content=\"summary_large_image\" \/>\n<meta name=\"twitter:label1\" content=\"Est. reading time\" \/>\n\t<meta name=\"twitter:data1\" content=\"1 minute\" \/>\n<script type=\"application\/ld+json\" class=\"yoast-schema-graph\">{\"@context\":\"https:\/\/schema.org\",\"@graph\":[{\"@type\":\"WebPage\",\"@id\":\"https:\/\/megazipline.is\/conventional-ride-free-fall\/\",\"url\":\"https:\/\/megazipline.is\/conventional-ride-free-fall\/\",\"name\":\"Conventional Ride &amp; Free Fall - MEGA ZIPLINE\",\"isPartOf\":{\"@id\":\"https:\/\/megazipline.is\/#website\"},\"datePublished\":\"2023-04-24T11:48:55+00:00\",\"dateModified\":\"2023-05-10T11:37:51+00:00\",\"breadcrumb\":{\"@id\":\"https:\/\/megazipline.is\/conventional-ride-free-fall\/#breadcrumb\"},\"inLanguage\":\"is\",\"potentialAction\":[{\"@type\":\"ReadAction\",\"target\":[\"https:\/\/megazipline.is\/conventional-ride-free-fall\/\"]}]},{\"@type\":\"BreadcrumbList\",\"@id\":\"https:\/\/megazipline.is\/conventional-ride-free-fall\/#breadcrumb\",\"itemListElement\":[{\"@type\":\"ListItem\",\"position\":1,\"name\":\"Home\",\"item\":\"https:\/\/megazipline.is\/\"},{\"@type\":\"ListItem\",\"position\":2,\"name\":\"Conventional Ride &amp; Free Fall\"}]},{\"@type\":\"WebSite\",\"@id\":\"https:\/\/megazipline.is\/#website\",\"url\":\"https:\/\/megazipline.is\/\",\"name\":\"MEGA ZIPLINE\",\"description\":\"Iceland\u2019s Longest Zipline\",\"potentialAction\":[{\"@type\":\"SearchAction\",\"target\":{\"@type\":\"EntryPoint\",\"urlTemplate\":\"https:\/\/megazipline.is\/?s={search_term_string}\"},\"query-input\":\"required name=search_term_string\"}],\"inLanguage\":\"is\"}]}<\/script>\n<!-- \/ Yoast SEO plugin. -->","yoast_head_json":{"title":"Conventional Ride &amp; Free Fall - MEGA ZIPLINE","robots":{"index":"index","follow":"follow","max-snippet":"max-snippet:-1","max-image-preview":"max-image-preview:large","max-video-preview":"max-video-preview:-1"},"canonical":"https:\/\/megazipline.is\/is\/conventional-ride-free-fall\/","og_locale":"is_IS","og_type":"article","og_title":"Conventional Ride &amp; Free Fall - MEGA ZIPLINE","og_description":"Conventional Ride &#038; Free Fall Conventional ride Description Conventional Ride &amp; Free Fall In our conventional ride, you will experience the thrill of flying through the amazing Icelandic landscape, sitting in a comfortable specially designed harness that makes this ride truly sensational for all senses.\u00a0 This tour, which is a full kilometre of pure excitement, [&hellip;]","og_url":"https:\/\/megazipline.is\/is\/conventional-ride-free-fall\/","og_site_name":"MEGA ZIPLINE","article_modified_time":"2023-05-10T11:37:51+00:00","twitter_card":"summary_large_image","twitter_misc":{"Est. reading time":"1 minute"},"schema":{"@context":"https:\/\/schema.org","@graph":[{"@type":"WebPage","@id":"https:\/\/megazipline.is\/conventional-ride-free-fall\/","url":"https:\/\/megazipline.is\/conventional-ride-free-fall\/","name":"Conventional Ride &amp; Free Fall - MEGA ZIPLINE","isPartOf":{"@id":"https:\/\/megazipline.is\/#website"},"datePublished":"2023-04-24T11:48:55+00:00","dateModified":"2023-05-10T11:37:51+00:00","breadcrumb":{"@id":"https:\/\/megazipline.is\/conventional-ride-free-fall\/#breadcrumb"},"inLanguage":"is","potentialAction":[{"@type":"ReadAction","target":["https:\/\/megazipline.is\/conventional-ride-free-fall\/"]}]},{"@type":"BreadcrumbList","@id":"https:\/\/megazipline.is\/conventional-ride-free-fall\/#breadcrumb","itemListElement":[{"@type":"ListItem","position":1,"name":"Home","item":"https:\/\/megazipline.is\/"},{"@type":"ListItem","position":2,"name":"Conventional Ride &amp; Free Fall"}]},{"@type":"WebSite","@id":"https:\/\/megazipline.is\/#website","url":"https:\/\/megazipline.is\/","name":"MEGA ZIPLINE","description":"Iceland\u2019s Longest Zipline","potentialAction":[{"@type":"SearchAction","target":{"@type":"EntryPoint","urlTemplate":"https:\/\/megazipline.is\/?s={search_term_string}"},"query-input":"required name=search_term_string"}],"inLanguage":"is"}]}},"_links":{"self":[{"href":"https:\/\/megazipline.is\/is\/wp-json\/wp\/v2\/pages\/4935","targetHints":{"allow":["GET"]}}],"collection":[{"href":"https:\/\/megazipline.is\/is\/wp-json\/wp\/v2\/pages"}],"about":[{"href":"https:\/\/megazipline.is\/is\/wp-json\/wp\/v2\/types\/page"}],"author":[{"embeddable":true,"href":"https:\/\/megazipline.is\/is\/wp-json\/wp\/v2\/users\/5"}],"replies":[{"embeddable":true,"href":"https:\/\/megazipline.is\/is\/wp-json\/wp\/v2\/comments?post=4935"}],"version-history":[{"count":25,"href":"https:\/\/megazipline.is\/is\/wp-json\/wp\/v2\/pages\/4935\/revisions"}],"predecessor-version":[{"id":5100,"href":"https:\/\/megazipline.is\/is\/wp-json\/wp\/v2\/pages\/4935\/revisions\/5100"}],"wp:attachment":[{"href":"https:\/\/megazipline.is\/is\/wp-json\/wp\/v2\/media?parent=4935"}],"curies":[{"name":"wp","href":"https:\/\/api.w.org\/{rel}","templated":true}]}}