{"id":3760,"date":"2022-04-11T17:02:09","date_gmt":"2022-04-11T17:02:09","guid":{"rendered":"https:\/\/vert4.web23.vefold.is\/?page_id=3760"},"modified":"2024-12-18T11:26:00","modified_gmt":"2024-12-18T11:26:00","slug":"gift-card","status":"publish","type":"page","link":"https:\/\/megazipline.is\/is\/gift-card\/","title":{"rendered":"Gjafabr\u00e9f"},"content":{"rendered":"<div data-elementor-type=\"wp-page\" data-elementor-id=\"3760\" class=\"elementor elementor-3760\" data-elementor-post-type=\"page\">\n\t\t\t\t\t\t<section class=\"elementor-section elementor-top-section elementor-element elementor-element-75845db elementor-section-boxed elementor-section-height-default elementor-section-height-default\" data-id=\"75845db\" data-element_type=\"section\" data-settings=\"{&quot;background_background&quot;:&quot;classic&quot;}\">\n\t\t\t\t\t\t<div class=\"elementor-container elementor-column-gap-default\">\n\t\t\t\t\t<div class=\"elementor-column elementor-col-50 elementor-top-column elementor-element elementor-element-e3ce0ff\" data-id=\"e3ce0ff\" data-element_type=\"column\">\n\t\t\t<div class=\"elementor-widget-wrap elementor-element-populated\">\n\t\t\t\t\t\t<div class=\"elementor-element elementor-element-cd3fab9 elementor-hidden-desktop elementor-hidden-tablet elementor-widget elementor-widget-image\" data-id=\"cd3fab9\" data-element_type=\"widget\" data-widget_type=\"image.default\">\n\t\t\t\t<div class=\"elementor-widget-container\">\n\t\t\t\t\t\t\t\t\t\t\t\t\t<img fetchpriority=\"high\" decoding=\"async\" width=\"1366\" height=\"2048\" src=\"https:\/\/megazipline.is\/wp-content\/uploads\/2024\/11\/IMG-20230929-WA0009.jpg\" class=\"attachment-full size-full wp-image-6492\" alt=\"\" srcset=\"https:\/\/megazipline.is\/wp-content\/uploads\/2024\/11\/IMG-20230929-WA0009.jpg 1366w, https:\/\/megazipline.is\/wp-content\/uploads\/2024\/11\/IMG-20230929-WA0009-200x300.jpg 200w, https:\/\/megazipline.is\/wp-content\/uploads\/2024\/11\/IMG-20230929-WA0009-683x1024.jpg 683w, https:\/\/megazipline.is\/wp-content\/uploads\/2024\/11\/IMG-20230929-WA0009-768x1151.jpg 768w, https:\/\/megazipline.is\/wp-content\/uploads\/2024\/11\/IMG-20230929-WA0009-1025x1536.jpg 1025w, https:\/\/megazipline.is\/wp-content\/uploads\/2024\/11\/IMG-20230929-WA0009-8x12.jpg 8w\" sizes=\"(max-width: 1366px) 100vw, 1366px\" \/>\t\t\t\t\t\t\t\t\t\t\t\t\t<\/div>\n\t\t\t\t<\/div>\n\t\t\t\t<div class=\"elementor-element elementor-element-dc49609 elementor-widget elementor-widget-heading\" data-id=\"dc49609\" data-element_type=\"widget\" data-widget_type=\"heading.default\">\n\t\t\t\t<div class=\"elementor-widget-container\">\n\t\t\t<h2 class=\"elementor-heading-title elementor-size-default\">Gjafabr\u00e9f<\/h2>\t\t<\/div>\n\t\t\t\t<\/div>\n\t\t\t\t<div class=\"elementor-element elementor-element-34984c1 elementor-widget elementor-widget-text-editor\" data-id=\"34984c1\" data-element_type=\"widget\" data-widget_type=\"text-editor.default\">\n\t\t\t\t<div class=\"elementor-widget-container\">\n\t\t\t\t\t\t\t<p>N\u00fa <b>bj\u00f3\u00f0um vi\u00f0 gjafabr\u00e9fin okkar til s\u00f6lu \u00e1 vefnum<\/b>. Gjafabr\u00e9fi\u00f0 er \u201egeggju\u00f0\u201c j\u00f3la- e\u00f0a t\u00e6kif\u00e6risgj\u00f6f handa fj\u00f6lskyldu e\u00f0a vinum. A\u00f0 sv\u00edfa heilan k\u00edl\u00f3meter \u00e1 hra\u00f0a fuglsins er upplifun sem l\u00e6tur engan \u00f3snortinn.<\/p><p>Fer\u00f0in byrjar og endar \u00ed n\u00fdja kaffih\u00fasinu vi\u00f0 mynni Reykjadals \u00ed Hverager\u00f0i. Fer\u00f0in tekur um \u00fea\u00f0 bil 50 - 60 m\u00edn\u00fatur. Eftir innritun er fari\u00f0 yfir b\u00fana\u00f0inn og svo er lagt af sta\u00f0 upp a\u00f0 flugturninum. H\u00e6gt er a\u00f0 kaupa tv\u00e6r mismunandi fer\u00f0ir, hefbundna, \u00fear sem ma\u00f0ur situr \u00ed st\u00f3l, e\u00f0a liggjandi fyrir adrenal\u00ednf\u00edklana.\u00a0\u00a0<\/p><p>Til vi\u00f0b\u00f3tar er h\u00e6gt a\u00f0 velja \u201efrj\u00e1lst fall\u201c, \u00fear sem stokki\u00f0 er fram af flugturninum \u00ed l\u00ednu sem gr\u00edpur mann \u00ed s\u00ed\u00f0ustu metrunum.  \u00deetta er s\u00e9rstakt gjafabr\u00e9f. Ekki gleyma a\u00f0 kaupa myndbandsuppt\u00f6ku af svifinu \u00feegar \u00fe\u00fa n\u00fdtir gjafabr\u00e9fi\u00f0.<\/p>\t\t\t\t\t\t<\/div>\n\t\t\t\t<\/div>\n\t\t\t\t\t<\/div>\n\t\t<\/div>\n\t\t\t\t<div class=\"elementor-column elementor-col-50 elementor-top-column elementor-element elementor-element-09e46dc\" data-id=\"09e46dc\" data-element_type=\"column\">\n\t\t\t<div class=\"elementor-widget-wrap elementor-element-populated\">\n\t\t\t\t\t\t<div class=\"elementor-element elementor-element-82f6217 elementor-hidden-mobile elementor-widget elementor-widget-image\" data-id=\"82f6217\" data-element_type=\"widget\" data-widget_type=\"image.default\">\n\t\t\t\t<div class=\"elementor-widget-container\">\n\t\t\t\t\t\t\t\t\t\t\t\t\t<img fetchpriority=\"high\" decoding=\"async\" width=\"1366\" height=\"2048\" src=\"https:\/\/megazipline.is\/wp-content\/uploads\/2024\/11\/IMG-20230929-WA0009.jpg\" class=\"attachment-full size-full wp-image-6492\" alt=\"\" srcset=\"https:\/\/megazipline.is\/wp-content\/uploads\/2024\/11\/IMG-20230929-WA0009.jpg 1366w, https:\/\/megazipline.is\/wp-content\/uploads\/2024\/11\/IMG-20230929-WA0009-200x300.jpg 200w, https:\/\/megazipline.is\/wp-content\/uploads\/2024\/11\/IMG-20230929-WA0009-683x1024.jpg 683w, https:\/\/megazipline.is\/wp-content\/uploads\/2024\/11\/IMG-20230929-WA0009-768x1151.jpg 768w, https:\/\/megazipline.is\/wp-content\/uploads\/2024\/11\/IMG-20230929-WA0009-1025x1536.jpg 1025w, https:\/\/megazipline.is\/wp-content\/uploads\/2024\/11\/IMG-20230929-WA0009-8x12.jpg 8w\" sizes=\"(max-width: 1366px) 100vw, 1366px\" \/>\t\t\t\t\t\t\t\t\t\t\t\t\t<\/div>\n\t\t\t\t<\/div>\n\t\t\t\t\t<\/div>\n\t\t<\/div>\n\t\t\t\t\t<\/div>\n\t\t<\/section>\n\t\t\t\t<section class=\"elementor-section elementor-top-section elementor-element elementor-element-8944bc3 elementor-section-boxed elementor-section-height-default elementor-section-height-default\" data-id=\"8944bc3\" data-element_type=\"section\">\n\t\t\t\t\t\t<div class=\"elementor-container elementor-column-gap-default\">\n\t\t\t\t\t<div class=\"elementor-column elementor-col-50 elementor-top-column elementor-element elementor-element-70555bd\" data-id=\"70555bd\" data-element_type=\"column\">\n\t\t\t<div class=\"elementor-widget-wrap elementor-element-populated\">\n\t\t\t\t\t\t<div class=\"elementor-element elementor-element-613ed33 elementor-widget elementor-widget-image\" data-id=\"613ed33\" data-element_type=\"widget\" data-widget_type=\"image.default\">\n\t\t\t\t<div class=\"elementor-widget-container\">\n\t\t\t\t\t\t\t\t\t\t\t\t\t<img decoding=\"async\" width=\"1100\" height=\"1100\" src=\"https:\/\/megazipline.is\/wp-content\/uploads\/2022\/12\/giftcard-circle.print_.png\" class=\"attachment-full size-full wp-image-4653\" alt=\"\" srcset=\"https:\/\/megazipline.is\/wp-content\/uploads\/2022\/12\/giftcard-circle.print_.png 1100w, https:\/\/megazipline.is\/wp-content\/uploads\/2022\/12\/giftcard-circle.print_-300x300.png 300w, https:\/\/megazipline.is\/wp-content\/uploads\/2022\/12\/giftcard-circle.print_-1024x1024.png 1024w, https:\/\/megazipline.is\/wp-content\/uploads\/2022\/12\/giftcard-circle.print_-150x150.png 150w, https:\/\/megazipline.is\/wp-content\/uploads\/2022\/12\/giftcard-circle.print_-768x768.png 768w, https:\/\/megazipline.is\/wp-content\/uploads\/2022\/12\/giftcard-circle.print_-12x12.png 12w\" sizes=\"(max-width: 1100px) 100vw, 1100px\" \/>\t\t\t\t\t\t\t\t\t\t\t\t\t<\/div>\n\t\t\t\t<\/div>\n\t\t\t\t<div class=\"elementor-element elementor-element-f29889c elementor-widget elementor-widget-text-editor\" data-id=\"f29889c\" data-element_type=\"widget\" data-widget_type=\"text-editor.default\">\n\t\t\t\t<div class=\"elementor-widget-container\">\n\t\t\t\t\t\t\t<p><strong>\u00datprentu\u00f0u gjafabr\u00e9fin okkar<\/strong> are beautifully designed and an ideal gift that can be wrapped up or simply handed out as it is.\u00a0 Please send us an e-mail if you prefer physical card(s).\u00a0 It can be sent to your home.\u00a0 Should you like it to be sent home, then make sure to send us your home address.\u00a0 Inside the gift card it will display the name of the ride and for how many.\u00a0 The physical gift card also includes a gift code that can be used if booking the tour on-line.<\/p>\t\t\t\t\t\t<\/div>\n\t\t\t\t<\/div>\n\t\t\t\t\t<\/div>\n\t\t<\/div>\n\t\t\t\t<div class=\"elementor-column elementor-col-50 elementor-top-column elementor-element elementor-element-62c945e\" data-id=\"62c945e\" data-element_type=\"column\">\n\t\t\t<div class=\"elementor-widget-wrap elementor-element-populated\">\n\t\t\t\t\t\t<div class=\"elementor-element elementor-element-d3bf368 elementor-widget elementor-widget-image\" data-id=\"d3bf368\" data-element_type=\"widget\" data-widget_type=\"image.default\">\n\t\t\t\t<div class=\"elementor-widget-container\">\n\t\t\t\t\t\t\t\t\t\t\t\t\t<img decoding=\"async\" width=\"1100\" height=\"1100\" src=\"https:\/\/megazipline.is\/wp-content\/uploads\/2023\/08\/giftcard-circle.2023.png\" class=\"attachment-full size-full wp-image-5717\" alt=\"\" srcset=\"https:\/\/megazipline.is\/wp-content\/uploads\/2023\/08\/giftcard-circle.2023.png 1100w, https:\/\/megazipline.is\/wp-content\/uploads\/2023\/08\/giftcard-circle.2023-300x300.png 300w, https:\/\/megazipline.is\/wp-content\/uploads\/2023\/08\/giftcard-circle.2023-1024x1024.png 1024w, https:\/\/megazipline.is\/wp-content\/uploads\/2023\/08\/giftcard-circle.2023-150x150.png 150w, https:\/\/megazipline.is\/wp-content\/uploads\/2023\/08\/giftcard-circle.2023-768x768.png 768w, https:\/\/megazipline.is\/wp-content\/uploads\/2023\/08\/giftcard-circle.2023-12x12.png 12w\" sizes=\"(max-width: 1100px) 100vw, 1100px\" \/>\t\t\t\t\t\t\t\t\t\t\t\t\t<\/div>\n\t\t\t\t<\/div>\n\t\t\t\t<div class=\"elementor-element elementor-element-476713e elementor-widget elementor-widget-text-editor\" data-id=\"476713e\" data-element_type=\"widget\" data-widget_type=\"text-editor.default\">\n\t\t\t\t<div class=\"elementor-widget-container\">\n\t\t\t\t\t\t\t<p><strong>Rafr\u00e6nu gjafakortin (pdf-skjal)<\/strong> eru hentug fyrir \u00fe\u00e1 sem vilja f\u00e1 gjafakort en um lei\u00f0 a\u00f0 nj\u00f3ta \u00feeirra \u00fe\u00e6ginda a\u00f0 f\u00e1 \u00fea\u00f0 sent me\u00f0 t\u00f6lvup\u00f3sti. \u00cd p\u00f6ntunarsta\u00f0festingu sem kemur sj\u00e1lfkrafa til \u00fe\u00edn \u00ed t\u00f6lvup\u00f3sti eftir p\u00f6ntun er a\u00f0 finna hlekk sem lei\u00f0ir \u00feig inn \u00e1 gjafabr\u00e9fi\u00f0 sem pdf-skjal \u00ed rafr\u00e6nu formi. \u00cd gjafabr\u00e9finu er nafn flugsins sem \u00ed bo\u00f0i er \u00e1samt gjafak\u00f3\u00f0a sem nota\u00f0ur er til grei\u00f0slu fer\u00f0arinnar \u00feegar panta\u00f0 er \u00e1 vefnum.\u00a0<\/p>\t\t\t\t\t\t<\/div>\n\t\t\t\t<\/div>\n\t\t\t\t\t<\/div>\n\t\t<\/div>\n\t\t\t\t\t<\/div>\n\t\t<\/section>\n\t\t\t\t<section class=\"elementor-section elementor-top-section elementor-element elementor-element-1f8643e elementor-section-boxed elementor-section-height-default elementor-section-height-default\" data-id=\"1f8643e\" data-element_type=\"section\" data-settings=\"{&quot;background_background&quot;:&quot;classic&quot;}\">\n\t\t\t\t\t\t<div class=\"elementor-container elementor-column-gap-default\">\n\t\t\t\t\t<div class=\"elementor-column elementor-col-50 elementor-top-column elementor-element elementor-element-9d392e5\" data-id=\"9d392e5\" data-element_type=\"column\">\n\t\t\t<div class=\"elementor-widget-wrap elementor-element-populated\">\n\t\t\t\t\t\t<div class=\"elementor-element elementor-element-4ba092a elementor-hidden-desktop elementor-hidden-tablet elementor-widget elementor-widget-image\" data-id=\"4ba092a\" data-element_type=\"widget\" data-widget_type=\"image.default\">\n\t\t\t\t<div class=\"elementor-widget-container\">\n\t\t\t\t\t\t\t\t\t\t\t\t\t<img loading=\"lazy\" decoding=\"async\" width=\"1100\" height=\"1100\" src=\"https:\/\/megazipline.is\/wp-content\/uploads\/2022\/12\/giftcard.inside-circle-1.png\" class=\"attachment-full size-full wp-image-4656\" alt=\"\" srcset=\"https:\/\/megazipline.is\/wp-content\/uploads\/2022\/12\/giftcard.inside-circle-1.png 1100w, https:\/\/megazipline.is\/wp-content\/uploads\/2022\/12\/giftcard.inside-circle-1-300x300.png 300w, https:\/\/megazipline.is\/wp-content\/uploads\/2022\/12\/giftcard.inside-circle-1-1024x1024.png 1024w, https:\/\/megazipline.is\/wp-content\/uploads\/2022\/12\/giftcard.inside-circle-1-150x150.png 150w, https:\/\/megazipline.is\/wp-content\/uploads\/2022\/12\/giftcard.inside-circle-1-768x768.png 768w, https:\/\/megazipline.is\/wp-content\/uploads\/2022\/12\/giftcard.inside-circle-1-12x12.png 12w\" sizes=\"(max-width: 1100px) 100vw, 1100px\" \/>\t\t\t\t\t\t\t\t\t\t\t\t\t<\/div>\n\t\t\t\t<\/div>\n\t\t\t\t<div class=\"elementor-element elementor-element-7e446bf elementor-widget elementor-widget-heading\" data-id=\"7e446bf\" data-element_type=\"widget\" data-widget_type=\"heading.default\">\n\t\t\t\t<div class=\"elementor-widget-container\">\n\t\t\t<h2 class=\"elementor-heading-title elementor-size-default\">Kaupa gjafabr\u00e9f\n<\/h2>\t\t<\/div>\n\t\t\t\t<\/div>\n\t\t\t\t<div class=\"elementor-element elementor-element-7465892 elementor-widget elementor-widget-text-editor\" data-id=\"7465892\" data-element_type=\"widget\" data-widget_type=\"text-editor.default\">\n\t\t\t\t<div class=\"elementor-widget-container\">\n\t\t\t\t\t\t\t<p>Veldu \u00fea\u00f0 gjafabr\u00e9f sem passar vi\u00f0 \u00fe\u00e1 upplifun sem \u00fe\u00fa vilt gefa.<\/p>\t\t\t\t\t\t<\/div>\n\t\t\t\t<\/div>\n\t\t\t\t<div class=\"elementor-element elementor-element-cee586a elementor-widget elementor-widget-text-editor\" data-id=\"cee586a\" data-element_type=\"widget\" data-widget_type=\"text-editor.default\">\n\t\t\t\t<div class=\"elementor-widget-container\">\n\t\t\t\t\t\t\t<p>Gjafakorti\u00f0 er svo sent me\u00f0 gjafabr\u00e9fak\u00f3\u00f0a sem \u00fe\u00fa getur svo nota\u00f0 \u00feegar \u00fe\u00fa b\u00f3kar fer\u00f0ina hj\u00e1 okkur \u00e1 vefnum.  Viljir \u00fe\u00fa f\u00e1 hef\u00f0bundi\u00f0 gjafabr\u00e9f sent \u00ed p\u00f3sti, \u00fe\u00e1 vinsamlegast haf\u00f0u samband vi\u00f0 okkur \u00ed gegnum t\u00f6lvup\u00f3st.  Einnig er \u00ed bo\u00f0i a\u00f0 f\u00e1 gjafabr\u00e9f sem pdf skjal sem inniheldur gjafak\u00f3\u00f0ann.<\/p>\n<p><i>* Please note that gift cards cannot be refunded for money but bookings made with gift card can always be moved to a new date.<\/i><\/p>\t\t\t\t\t\t<\/div>\n\t\t\t\t<\/div>\n\t\t\t\t\t<\/div>\n\t\t<\/div>\n\t\t\t\t<div class=\"elementor-column elementor-col-50 elementor-top-column elementor-element elementor-element-3a759a6\" data-id=\"3a759a6\" data-element_type=\"column\">\n\t\t\t<div class=\"elementor-widget-wrap elementor-element-populated\">\n\t\t\t\t\t\t<div class=\"elementor-element elementor-element-8248959 elementor-hidden-mobile elementor-widget elementor-widget-image\" data-id=\"8248959\" data-element_type=\"widget\" data-widget_type=\"image.default\">\n\t\t\t\t<div class=\"elementor-widget-container\">\n\t\t\t\t\t\t\t\t\t\t\t\t\t<img loading=\"lazy\" decoding=\"async\" width=\"1100\" height=\"1100\" src=\"https:\/\/megazipline.is\/wp-content\/uploads\/2022\/12\/giftcard.inside-circle-1.png\" class=\"attachment-full size-full wp-image-4656\" alt=\"\" srcset=\"https:\/\/megazipline.is\/wp-content\/uploads\/2022\/12\/giftcard.inside-circle-1.png 1100w, https:\/\/megazipline.is\/wp-content\/uploads\/2022\/12\/giftcard.inside-circle-1-300x300.png 300w, https:\/\/megazipline.is\/wp-content\/uploads\/2022\/12\/giftcard.inside-circle-1-1024x1024.png 1024w, https:\/\/megazipline.is\/wp-content\/uploads\/2022\/12\/giftcard.inside-circle-1-150x150.png 150w, https:\/\/megazipline.is\/wp-content\/uploads\/2022\/12\/giftcard.inside-circle-1-768x768.png 768w, https:\/\/megazipline.is\/wp-content\/uploads\/2022\/12\/giftcard.inside-circle-1-12x12.png 12w\" sizes=\"(max-width: 1100px) 100vw, 1100px\" \/>\t\t\t\t\t\t\t\t\t\t\t\t\t<\/div>\n\t\t\t\t<\/div>\n\t\t\t\t\t<\/div>\n\t\t<\/div>\n\t\t\t\t\t<\/div>\n\t\t<\/section>\n\t\t\t\t<section class=\"elementor-section elementor-top-section elementor-element elementor-element-0769b5b elementor-section-boxed elementor-section-height-default elementor-section-height-default\" data-id=\"0769b5b\" data-element_type=\"section\">\n\t\t\t\t\t\t<div class=\"elementor-container elementor-column-gap-default\">\n\t\t\t\t\t<div class=\"elementor-column elementor-col-100 elementor-top-column elementor-element elementor-element-b366073\" data-id=\"b366073\" data-element_type=\"column\">\n\t\t\t<div class=\"elementor-widget-wrap elementor-element-populated\">\n\t\t\t\t\t\t<div class=\"elementor-element elementor-element-fe6d414 elementor-widget elementor-widget-heading\" data-id=\"fe6d414\" data-element_type=\"widget\" data-widget_type=\"heading.default\">\n\t\t\t\t<div class=\"elementor-widget-container\">\n\t\t\t<h2 class=\"elementor-heading-title elementor-size-default\">Gjafabr\u00e9fin\n<\/h2>\t\t<\/div>\n\t\t\t\t<\/div>\n\t\t\t\t<div class=\"elementor-element elementor-element-dcddbfe elementor-widget elementor-widget-html\" data-id=\"dcddbfe\" data-element_type=\"widget\" data-widget_type=\"html.default\">\n\t\t\t\t<div class=\"elementor-widget-container\">\n\t\t\t<script type=\"text\/javascript\" src=\"https:\/\/widgets.bokun.io\/assets\/javascripts\/apps\/build\/BokunWidgetsLoader.js?bookingChannelUUID=546e266b-e54a-4e8f-92c4-14cb4501cd16\" async><\/script>\n     \n    <div class=\"bokunWidget\" data-src=\"https:\/\/widgets.bokun.io\/online-sales\/546e266b-e54a-4e8f-92c4-14cb4501cd16\/gift-card\/815\"><\/div>\n    <noscript>Please enable javascript in your browser to book<\/noscript>\n\t\t<\/div>\n\t\t\t\t<\/div>\n\t\t\t\t<div class=\"elementor-element elementor-element-8975bf1 elementor-hidden-desktop elementor-hidden-tablet elementor-hidden-mobile elementor-widget elementor-widget-html\" data-id=\"8975bf1\" data-element_type=\"widget\" data-widget_type=\"html.default\">\n\t\t\t\t<div class=\"elementor-widget-container\">\n\t\t\t<script type=\"text\/javascript\" src=\"https:\/\/widgets.bokun.io\/assets\/javascripts\/apps\/build\/BokunWidgetsLoader.js?bookingChannelUUID=546e266b-e54a-4e8f-92c4-14cb4501cd16\" async=\"\"><\/script>\r\n     \r\n    <div class=\"bokunWidget\" data-src=\"https:\/\/widgets.bokun.io\/online-sales\/546e266b-e54a-4e8f-92c4-14cb4501cd16\/gift-card\/555\"><\/div>\r\n    <noscript>Please enable javascript in your browser to book<\/noscript>\t\t<\/div>\n\t\t\t\t<\/div>\n\t\t\t\t\t<\/div>\n\t\t<\/div>\n\t\t\t\t\t<\/div>\n\t\t<\/section>\n\t\t\t\t<\/div>","protected":false},"excerpt":{"rendered":"<p>Gift Card We are excited to be offering our gift cards for sale on our site.\u00a0 Our gift cards are ideal holiday gifts for friends and family, living in or visiting Iceland. Flying down the 1 km zipline is an unforgettable experience in stunning Icelandic nature. The journey begins and ends in the new Caf\u00e9 [&hellip;]<\/p>","protected":false},"author":5,"featured_media":0,"parent":0,"menu_order":0,"comment_status":"closed","ping_status":"closed","template":"elementor_header_footer","meta":{"footnotes":""},"class_list":["post-3760","page","type-page","status-publish","hentry"],"yoast_head":"<!-- This site is optimized with the Yoast SEO plugin v23.0 - https:\/\/yoast.com\/wordpress\/plugins\/seo\/ -->\n<title>Gift Card - MEGA ZIPLINE<\/title>\n<meta name=\"robots\" content=\"index, follow, max-snippet:-1, max-image-preview:large, max-video-preview:-1\" \/>\n<link rel=\"canonical\" href=\"https:\/\/megazipline.is\/is\/gift-card\/\" \/>\n<meta property=\"og:locale\" content=\"is_IS\" \/>\n<meta property=\"og:type\" content=\"article\" \/>\n<meta property=\"og:title\" content=\"Gift Card - MEGA ZIPLINE\" \/>\n<meta property=\"og:description\" content=\"Gift Card We are excited to be offering our gift cards for sale on our site.\u00a0 Our gift cards are ideal holiday gifts for friends and family, living in or visiting Iceland. Flying down the 1 km zipline is an unforgettable experience in stunning Icelandic nature. The journey begins and ends in the new Caf\u00e9 [&hellip;]\" \/>\n<meta property=\"og:url\" content=\"https:\/\/megazipline.is\/is\/gift-card\/\" \/>\n<meta property=\"og:site_name\" content=\"MEGA ZIPLINE\" \/>\n<meta property=\"article:modified_time\" content=\"2024-12-18T11:26:00+00:00\" \/>\n<meta property=\"og:image\" content=\"https:\/\/megazipline.is\/wp-content\/uploads\/2024\/11\/IMG-20230929-WA0009.jpg\" \/>\n<meta name=\"twitter:card\" content=\"summary_large_image\" \/>\n<meta name=\"twitter:label1\" content=\"Est. reading time\" \/>\n\t<meta name=\"twitter:data1\" content=\"4 minutes\" \/>\n<script type=\"application\/ld+json\" class=\"yoast-schema-graph\">{\"@context\":\"https:\/\/schema.org\",\"@graph\":[{\"@type\":\"WebPage\",\"@id\":\"https:\/\/megazipline.is\/gift-card\/\",\"url\":\"https:\/\/megazipline.is\/gift-card\/\",\"name\":\"Gift Card - MEGA ZIPLINE\",\"isPartOf\":{\"@id\":\"https:\/\/megazipline.is\/#website\"},\"primaryImageOfPage\":{\"@id\":\"https:\/\/megazipline.is\/gift-card\/#primaryimage\"},\"image\":{\"@id\":\"https:\/\/megazipline.is\/gift-card\/#primaryimage\"},\"thumbnailUrl\":\"https:\/\/megazipline.is\/wp-content\/uploads\/2024\/11\/IMG-20230929-WA0009.jpg\",\"datePublished\":\"2022-04-11T17:02:09+00:00\",\"dateModified\":\"2024-12-18T11:26:00+00:00\",\"breadcrumb\":{\"@id\":\"https:\/\/megazipline.is\/gift-card\/#breadcrumb\"},\"inLanguage\":\"is\",\"potentialAction\":[{\"@type\":\"ReadAction\",\"target\":[\"https:\/\/megazipline.is\/gift-card\/\"]}]},{\"@type\":\"ImageObject\",\"inLanguage\":\"is\",\"@id\":\"https:\/\/megazipline.is\/gift-card\/#primaryimage\",\"url\":\"https:\/\/megazipline.is\/wp-content\/uploads\/2024\/11\/IMG-20230929-WA0009.jpg\",\"contentUrl\":\"https:\/\/megazipline.is\/wp-content\/uploads\/2024\/11\/IMG-20230929-WA0009.jpg\"},{\"@type\":\"BreadcrumbList\",\"@id\":\"https:\/\/megazipline.is\/gift-card\/#breadcrumb\",\"itemListElement\":[{\"@type\":\"ListItem\",\"position\":1,\"name\":\"Home\",\"item\":\"https:\/\/megazipline.is\/\"},{\"@type\":\"ListItem\",\"position\":2,\"name\":\"Gift Card\"}]},{\"@type\":\"WebSite\",\"@id\":\"https:\/\/megazipline.is\/#website\",\"url\":\"https:\/\/megazipline.is\/\",\"name\":\"MEGA ZIPLINE\",\"description\":\"Iceland\u2019s Longest Zipline\",\"potentialAction\":[{\"@type\":\"SearchAction\",\"target\":{\"@type\":\"EntryPoint\",\"urlTemplate\":\"https:\/\/megazipline.is\/?s={search_term_string}\"},\"query-input\":\"required name=search_term_string\"}],\"inLanguage\":\"is\"}]}<\/script>\n<!-- \/ Yoast SEO plugin. -->","yoast_head_json":{"title":"Gift Card - MEGA ZIPLINE","robots":{"index":"index","follow":"follow","max-snippet":"max-snippet:-1","max-image-preview":"max-image-preview:large","max-video-preview":"max-video-preview:-1"},"canonical":"https:\/\/megazipline.is\/is\/gift-card\/","og_locale":"is_IS","og_type":"article","og_title":"Gift Card - MEGA ZIPLINE","og_description":"Gift Card We are excited to be offering our gift cards for sale on our site.\u00a0 Our gift cards are ideal holiday gifts for friends and family, living in or visiting Iceland. Flying down the 1 km zipline is an unforgettable experience in stunning Icelandic nature. The journey begins and ends in the new Caf\u00e9 [&hellip;]","og_url":"https:\/\/megazipline.is\/is\/gift-card\/","og_site_name":"MEGA ZIPLINE","article_modified_time":"2024-12-18T11:26:00+00:00","og_image":[{"url":"https:\/\/megazipline.is\/wp-content\/uploads\/2024\/11\/IMG-20230929-WA0009.jpg"}],"twitter_card":"summary_large_image","twitter_misc":{"Est. reading time":"4 minutes"},"schema":{"@context":"https:\/\/schema.org","@graph":[{"@type":"WebPage","@id":"https:\/\/megazipline.is\/gift-card\/","url":"https:\/\/megazipline.is\/gift-card\/","name":"Gift Card - MEGA ZIPLINE","isPartOf":{"@id":"https:\/\/megazipline.is\/#website"},"primaryImageOfPage":{"@id":"https:\/\/megazipline.is\/gift-card\/#primaryimage"},"image":{"@id":"https:\/\/megazipline.is\/gift-card\/#primaryimage"},"thumbnailUrl":"https:\/\/megazipline.is\/wp-content\/uploads\/2024\/11\/IMG-20230929-WA0009.jpg","datePublished":"2022-04-11T17:02:09+00:00","dateModified":"2024-12-18T11:26:00+00:00","breadcrumb":{"@id":"https:\/\/megazipline.is\/gift-card\/#breadcrumb"},"inLanguage":"is","potentialAction":[{"@type":"ReadAction","target":["https:\/\/megazipline.is\/gift-card\/"]}]},{"@type":"ImageObject","inLanguage":"is","@id":"https:\/\/megazipline.is\/gift-card\/#primaryimage","url":"https:\/\/megazipline.is\/wp-content\/uploads\/2024\/11\/IMG-20230929-WA0009.jpg","contentUrl":"https:\/\/megazipline.is\/wp-content\/uploads\/2024\/11\/IMG-20230929-WA0009.jpg"},{"@type":"BreadcrumbList","@id":"https:\/\/megazipline.is\/gift-card\/#breadcrumb","itemListElement":[{"@type":"ListItem","position":1,"name":"Home","item":"https:\/\/megazipline.is\/"},{"@type":"ListItem","position":2,"name":"Gift Card"}]},{"@type":"WebSite","@id":"https:\/\/megazipline.is\/#website","url":"https:\/\/megazipline.is\/","name":"MEGA ZIPLINE","description":"Iceland\u2019s Longest Zipline","potentialAction":[{"@type":"SearchAction","target":{"@type":"EntryPoint","urlTemplate":"https:\/\/megazipline.is\/?s={search_term_string}"},"query-input":"required name=search_term_string"}],"inLanguage":"is"}]}},"_links":{"self":[{"href":"https:\/\/megazipline.is\/is\/wp-json\/wp\/v2\/pages\/3760","targetHints":{"allow":["GET"]}}],"collection":[{"href":"https:\/\/megazipline.is\/is\/wp-json\/wp\/v2\/pages"}],"about":[{"href":"https:\/\/megazipline.is\/is\/wp-json\/wp\/v2\/types\/page"}],"author":[{"embeddable":true,"href":"https:\/\/megazipline.is\/is\/wp-json\/wp\/v2\/users\/5"}],"replies":[{"embeddable":true,"href":"https:\/\/megazipline.is\/is\/wp-json\/wp\/v2\/comments?post=3760"}],"version-history":[{"count":57,"href":"https:\/\/megazipline.is\/is\/wp-json\/wp\/v2\/pages\/3760\/revisions"}],"predecessor-version":[{"id":6620,"href":"https:\/\/megazipline.is\/is\/wp-json\/wp\/v2\/pages\/3760\/revisions\/6620"}],"wp:attachment":[{"href":"https:\/\/megazipline.is\/is\/wp-json\/wp\/v2\/media?parent=3760"}],"curies":[{"name":"wp","href":"https:\/\/api.w.org\/{rel}","templated":true}]}}