{"id":119,"date":"2021-12-23T08:29:06","date_gmt":"2021-12-23T08:29:06","guid":{"rendered":"https:\/\/vert4.web23.vefold.is\/?page_id=119"},"modified":"2022-05-25T15:26:35","modified_gmt":"2022-05-25T15:26:35","slug":"about-us","status":"publish","type":"page","link":"https:\/\/megazipline.is\/is\/about-us\/","title":{"rendered":"Um okkur"},"content":{"rendered":"<div data-elementor-type=\"wp-page\" data-elementor-id=\"119\" class=\"elementor elementor-119\" data-elementor-post-type=\"page\">\n\t\t\t\t\t\t<section data-dce-background-color=\"#E6E6E6\" data-dce-background-image-url=\"https:\/\/megazipline.is\/wp-content\/uploads\/2022\/04\/About-us-test5.png\" class=\"elementor-section elementor-top-section elementor-element elementor-element-8afb212 elementor-section-content-middle elementor-hidden-mobile elementor-section-full_width elementor-section-height-min-height elementor-section-height-default elementor-section-items-middle\" data-id=\"8afb212\" data-element_type=\"section\" data-settings=\"{&quot;background_background&quot;:&quot;classic&quot;,&quot;background_motion_fx_motion_fx_scrolling&quot;:&quot;yes&quot;,&quot;background_motion_fx_translateX_speed&quot;:{&quot;unit&quot;:&quot;px&quot;,&quot;size&quot;:3,&quot;sizes&quot;:[]},&quot;background_motion_fx_translateX_affectedRange&quot;:{&quot;unit&quot;:&quot;%&quot;,&quot;size&quot;:&quot;&quot;,&quot;sizes&quot;:{&quot;start&quot;:20,&quot;end&quot;:100}},&quot;background_motion_fx_devices&quot;:[&quot;desktop&quot;,&quot;tablet&quot;],&quot;background_motion_fx_translateX_effect&quot;:&quot;yes&quot;}\">\n\t\t\t\t\t\t\t<div class=\"elementor-background-overlay\"><\/div>\n\t\t\t\t\t\t\t<div class=\"elementor-container elementor-column-gap-default\">\n\t\t\t\t\t<div class=\"elementor-column elementor-col-100 elementor-top-column elementor-element elementor-element-534ff29\" data-id=\"534ff29\" data-element_type=\"column\">\n\t\t\t<div class=\"elementor-widget-wrap elementor-element-populated\">\n\t\t\t\t\t\t<div class=\"elementor-element elementor-element-96473df elementor-widget elementor-widget-heading\" data-id=\"96473df\" data-element_type=\"widget\" data-widget_type=\"heading.default\">\n\t\t\t\t<div class=\"elementor-widget-container\">\n\t\t\t<h2 class=\"elementor-heading-title elementor-size-default\">Um okkur<\/h2>\t\t<\/div>\n\t\t\t\t<\/div>\n\t\t\t\t\t<\/div>\n\t\t<\/div>\n\t\t\t\t\t<\/div>\n\t\t<\/section>\n\t\t\t\t<section data-dce-background-image-url=\"https:\/\/megazipline.is\/wp-content\/uploads\/2022\/04\/About-us-test5.png\" class=\"elementor-section elementor-top-section elementor-element elementor-element-3e7ebba elementor-section-height-min-height elementor-hidden-desktop elementor-hidden-tablet elementor-section-boxed elementor-section-height-default elementor-section-items-middle\" data-id=\"3e7ebba\" data-element_type=\"section\" data-settings=\"{&quot;background_background&quot;:&quot;classic&quot;}\">\n\t\t\t\t\t\t<div class=\"elementor-container elementor-column-gap-default\">\n\t\t\t\t\t<div class=\"elementor-column elementor-col-100 elementor-top-column elementor-element elementor-element-0f5a226\" data-id=\"0f5a226\" data-element_type=\"column\">\n\t\t\t<div class=\"elementor-widget-wrap elementor-element-populated\">\n\t\t\t\t\t\t<div class=\"elementor-element elementor-element-0376bc3 elementor-widget elementor-widget-heading\" data-id=\"0376bc3\" data-element_type=\"widget\" data-widget_type=\"heading.default\">\n\t\t\t\t<div class=\"elementor-widget-container\">\n\t\t\t<h2 class=\"elementor-heading-title elementor-size-default\">Um okkur<\/h2>\t\t<\/div>\n\t\t\t\t<\/div>\n\t\t\t\t\t<\/div>\n\t\t<\/div>\n\t\t\t\t\t<\/div>\n\t\t<\/section>\n\t\t\t\t<section class=\"elementor-section elementor-top-section elementor-element elementor-element-10901d5 elementor-section-boxed elementor-section-height-default elementor-section-height-default\" data-id=\"10901d5\" data-element_type=\"section\" data-settings=\"{&quot;background_background&quot;:&quot;classic&quot;}\">\n\t\t\t\t\t\t<div class=\"elementor-container elementor-column-gap-default\">\n\t\t\t\t\t<div class=\"elementor-column elementor-col-100 elementor-top-column elementor-element elementor-element-3c313a1\" data-id=\"3c313a1\" data-element_type=\"column\">\n\t\t\t<div class=\"elementor-widget-wrap elementor-element-populated\">\n\t\t\t\t\t\t<section class=\"elementor-section elementor-inner-section elementor-element elementor-element-ca986bc elementor-section-boxed elementor-section-height-default elementor-section-height-default\" data-id=\"ca986bc\" data-element_type=\"section\">\n\t\t\t\t\t\t<div class=\"elementor-container elementor-column-gap-default\">\n\t\t\t\t\t<div class=\"elementor-column elementor-col-50 elementor-inner-column elementor-element elementor-element-b4ae0a8\" data-id=\"b4ae0a8\" data-element_type=\"column\">\n\t\t\t<div class=\"elementor-widget-wrap elementor-element-populated\">\n\t\t\t\t\t\t<div class=\"elementor-element elementor-element-5489fa5 elementor-hidden-mobile elementor-widget elementor-widget-image\" data-id=\"5489fa5\" data-element_type=\"widget\" data-widget_type=\"image.default\">\n\t\t\t\t<div class=\"elementor-widget-container\">\n\t\t\t\t\t\t\t\t\t\t\t\t\t<img decoding=\"async\" width=\"233\" height=\"134\" src=\"https:\/\/megazipline.is\/wp-content\/uploads\/2021\/12\/lojo.jpg\" class=\"attachment-large size-large wp-image-324\" alt=\"\" \/>\t\t\t\t\t\t\t\t\t\t\t\t\t<\/div>\n\t\t\t\t<\/div>\n\t\t\t\t\t<\/div>\n\t\t<\/div>\n\t\t\t\t<div class=\"elementor-column elementor-col-50 elementor-inner-column elementor-element elementor-element-d24c4e6\" data-id=\"d24c4e6\" data-element_type=\"column\">\n\t\t\t<div class=\"elementor-widget-wrap elementor-element-populated\">\n\t\t\t\t\t\t<div class=\"elementor-element elementor-element-6747cdc elementor-widget elementor-widget-heading\" data-id=\"6747cdc\" data-element_type=\"widget\" data-widget_type=\"heading.default\">\n\t\t\t\t<div class=\"elementor-widget-container\">\n\t\t\t<h2 class=\"elementor-heading-title elementor-size-default\">Fyrirt\u00e6ki\u00f0<\/h2>\t\t<\/div>\n\t\t\t\t<\/div>\n\t\t\t\t<div class=\"elementor-element elementor-element-82dc5a6 elementor-widget elementor-widget-text-editor\" data-id=\"82dc5a6\" data-element_type=\"widget\" data-widget_type=\"text-editor.default\">\n\t\t\t\t<div class=\"elementor-widget-container\">\n\t\t\t<style>.elementor-element-82dc5a6{display:none !important}<\/style>\t\t<\/div>\n\t\t\t\t<\/div>\n\t\t\t\t<div class=\"elementor-element elementor-element-13f7697 elementor-widget elementor-widget-text-editor\" data-id=\"13f7697\" data-element_type=\"widget\" data-widget_type=\"text-editor.default\">\n\t\t\t\t<div class=\"elementor-widget-container\">\n\t\t\t\t\t\t\tMega Zipline var stofna\u00f0 \u00ed byrjun \u00e1rsins 2021. Markmi\u00f0i\u00f0 var a\u00f0 setja upp skemmtilegustu af\u00fereyingu \u00e1 \u00cdslandi \u00fear sem h\u00e6gt v\u00e6ri a\u00f0 nj\u00f3ta spennu og \u00edslenskrar n\u00e1tt\u00faru \u00ed senn. \nValin var sta\u00f0setning \u00ed Hverager\u00f0i vegna n\u00e1l\u00e6g\u00f0ar vi\u00f0 borgina og vaxandi samf\u00e9lags fer\u00f0a\u00fej\u00f3nustua\u00f0lila, vi\u00f0 Reykjadal, eins vins\u00e6lasta \u00e1fangasta\u00f0ar \u00cdslands.\nEigendur eru fyrirt\u00e6ki og einstaklingar me\u00f0 mikla reynslu af fer\u00f0a\u00fej\u00f3nustu \u00e1 \u00cdslandi.\nVerkefni\u00f0 lei\u00f0ir Hallgr\u00edmur Kristinsson, margreyndur fjallama\u00f0ur og frumkv\u00f6\u00f0ull \u00ed fer\u00f0a\u00fej\u00f3nustu.\n\nRekstrara\u00f0ili Mega Zipline \u00e1 \u00cdslandi er Kambagil ehf kt. 590121-2150 me\u00f0 VSK n\u00famer 142317.\t\t\t\t\t\t<\/div>\n\t\t\t\t<\/div>\n\t\t\t\t<div class=\"elementor-element elementor-element-5e07b25 elementor-hidden-desktop elementor-hidden-tablet elementor-widget elementor-widget-image\" data-id=\"5e07b25\" data-element_type=\"widget\" data-widget_type=\"image.default\">\n\t\t\t\t<div class=\"elementor-widget-container\">\n\t\t\t\t\t\t\t\t\t\t\t\t\t<img decoding=\"async\" width=\"150\" height=\"90\" src=\"https:\/\/megazipline.is\/wp-content\/uploads\/2021\/12\/Megaziplinelogo-white-3.svg\" class=\"attachment-full size-full wp-image-1365\" alt=\"\" \/>\t\t\t\t\t\t\t\t\t\t\t\t\t<\/div>\n\t\t\t\t<\/div>\n\t\t\t\t\t<\/div>\n\t\t<\/div>\n\t\t\t\t\t<\/div>\n\t\t<\/section>\n\t\t\t\t\t<\/div>\n\t\t<\/div>\n\t\t\t\t\t<\/div>\n\t\t<\/section>\n\t\t\t\t<section data-dce-background-overlay-image-url=\"https:\/\/megazipline.is\/wp-content\/uploads\/2022\/03\/AboutUs2.png\" class=\"elementor-section elementor-top-section elementor-element elementor-element-fbac902 elementor-section-full_width elementor-section-height-min-height elementor-section-height-default elementor-section-items-middle\" data-id=\"fbac902\" data-element_type=\"section\" data-settings=\"{&quot;background_background&quot;:&quot;classic&quot;,&quot;shape_divider_top&quot;:&quot;tilt&quot;}\">\n\t\t\t\t\t\t\t<div class=\"elementor-background-overlay\"><\/div>\n\t\t\t\t\t\t<div class=\"elementor-shape elementor-shape-top\" data-negative=\"false\">\n\t\t\t<svg xmlns=\"http:\/\/www.w3.org\/2000\/svg\" viewbox=\"0 0 1000 100\" preserveaspectratio=\"none\">\n\t<path class=\"elementor-shape-fill\" d=\"M0,6V0h1000v100L0,6z\"\/>\n<\/svg>\t\t<\/div>\n\t\t\t\t\t<div class=\"elementor-container elementor-column-gap-default\">\n\t\t\t\t\t<div class=\"elementor-column elementor-col-100 elementor-top-column elementor-element elementor-element-0745abc\" data-id=\"0745abc\" data-element_type=\"column\">\n\t\t\t<div class=\"elementor-widget-wrap\">\n\t\t\t\t\t\t\t<\/div>\n\t\t<\/div>\n\t\t\t\t\t<\/div>\n\t\t<\/section>\n\t\t\t\t<section class=\"elementor-section elementor-top-section elementor-element elementor-element-f6ac206 elementor-section-boxed elementor-section-height-default elementor-section-height-default\" data-id=\"f6ac206\" data-element_type=\"section\" id=\"social-responsibility\">\n\t\t\t\t\t\t<div class=\"elementor-container elementor-column-gap-default\">\n\t\t\t\t\t<div class=\"elementor-column elementor-col-100 elementor-top-column elementor-element elementor-element-4382dbc\" data-id=\"4382dbc\" data-element_type=\"column\">\n\t\t\t<div class=\"elementor-widget-wrap elementor-element-populated\">\n\t\t\t\t\t\t<section class=\"elementor-section elementor-inner-section elementor-element elementor-element-94756d4 elementor-section-boxed elementor-section-height-default elementor-section-height-default\" data-id=\"94756d4\" data-element_type=\"section\">\n\t\t\t\t\t\t<div class=\"elementor-container elementor-column-gap-default\">\n\t\t\t\t\t<div class=\"elementor-column elementor-col-100 elementor-inner-column elementor-element elementor-element-fbf0e01\" data-id=\"fbf0e01\" data-element_type=\"column\">\n\t\t\t<div class=\"elementor-widget-wrap elementor-element-populated\">\n\t\t\t\t\t\t<div class=\"elementor-element elementor-element-35f0699 elementor-widget elementor-widget-heading\" data-id=\"35f0699\" data-element_type=\"widget\" data-widget_type=\"heading.default\">\n\t\t\t\t<div class=\"elementor-widget-container\">\n\t\t\t<h2 class=\"elementor-heading-title elementor-size-default\">Samf\u00e9lagsleg \u00e1byrg\u00f0 Mega Zipline<\/h2>\t\t<\/div>\n\t\t\t\t<\/div>\n\t\t\t\t\t<\/div>\n\t\t<\/div>\n\t\t\t\t\t<\/div>\n\t\t<\/section>\n\t\t\t\t\t<\/div>\n\t\t<\/div>\n\t\t\t\t\t<\/div>\n\t\t<\/section>\n\t\t\t\t<section class=\"elementor-section elementor-top-section elementor-element elementor-element-e11dbc3 elementor-section-boxed elementor-section-height-default elementor-section-height-default\" data-id=\"e11dbc3\" data-element_type=\"section\" data-settings=\"{&quot;background_background&quot;:&quot;classic&quot;}\">\n\t\t\t\t\t\t<div class=\"elementor-container elementor-column-gap-default\">\n\t\t\t\t\t<div class=\"elementor-column elementor-col-100 elementor-top-column elementor-element elementor-element-71a6731\" data-id=\"71a6731\" data-element_type=\"column\">\n\t\t\t<div class=\"elementor-widget-wrap elementor-element-populated\">\n\t\t\t\t\t\t<section class=\"elementor-section elementor-inner-section elementor-element elementor-element-b0e236b elementor-section-boxed elementor-section-height-default elementor-section-height-default\" data-id=\"b0e236b\" data-element_type=\"section\" data-settings=\"{&quot;background_background&quot;:&quot;classic&quot;}\">\n\t\t\t\t\t\t<div class=\"elementor-container elementor-column-gap-default\">\n\t\t\t\t\t<div class=\"elementor-column elementor-col-33 elementor-inner-column elementor-element elementor-element-6cff9f5\" data-id=\"6cff9f5\" data-element_type=\"column\">\n\t\t\t<div class=\"elementor-widget-wrap elementor-element-populated\">\n\t\t\t\t\t\t<div class=\"elementor-element elementor-element-4094173 elementor-widget elementor-widget-image\" data-id=\"4094173\" data-element_type=\"widget\" data-widget_type=\"image.default\">\n\t\t\t\t<div class=\"elementor-widget-container\">\n\t\t\t\t\t\t\t\t\t\t\t\t\t<img fetchpriority=\"high\" decoding=\"async\" width=\"574\" height=\"574\" src=\"https:\/\/megazipline.is\/wp-content\/uploads\/2022\/01\/equal.svg\" class=\"attachment-large size-large wp-image-861\" alt=\"\" \/>\t\t\t\t\t\t\t\t\t\t\t\t\t<\/div>\n\t\t\t\t<\/div>\n\t\t\t\t<div class=\"elementor-element elementor-element-c08a11d pp-dual-heading-inline elementor-widget elementor-widget-pp-dual-heading\" data-id=\"c08a11d\" data-element_type=\"widget\" data-widget_type=\"pp-dual-heading.default\">\n\t\t\t\t<div class=\"elementor-widget-container\">\n\t\t\t\t\t\t<h2 class=\"pp-dual-heading\">\n\t\t\t\t\t\t\t\t\t<span class=\"pp-second-text\">\n\t\t\t\t\t\tJafnr\u00e9tti\t\t\t\t\t<\/span>\n\t\t\t\t\t\t\t\t<\/h2>\n\t\t\t\t\t<\/div>\n\t\t\t\t<\/div>\n\t\t\t\t<div class=\"elementor-element elementor-element-a7b0ec4 elementor-widget elementor-widget-text-editor\" data-id=\"a7b0ec4\" data-element_type=\"widget\" data-widget_type=\"text-editor.default\">\n\t\t\t\t<div class=\"elementor-widget-container\">\n\t\t\t\t\t\t\tVi\u00f0 leggjum mikla \u00e1herslu \u00e1 jafnr\u00e9tti \u00e1 vinnusta\u00f0. Vi\u00f0 tr\u00faum \u00e1 a\u00f0 vinnusta\u00f0urinn ver\u00f0i betri me\u00f0 fj\u00f6lbreyttara starfsf\u00f3lki. \t\t\t\t\t\t<\/div>\n\t\t\t\t<\/div>\n\t\t\t\t\t<\/div>\n\t\t<\/div>\n\t\t\t\t<div class=\"elementor-column elementor-col-33 elementor-inner-column elementor-element elementor-element-da043e1\" data-id=\"da043e1\" data-element_type=\"column\">\n\t\t\t<div class=\"elementor-widget-wrap elementor-element-populated\">\n\t\t\t\t\t\t<div class=\"elementor-element elementor-element-c0859ed elementor-widget elementor-widget-image\" data-id=\"c0859ed\" data-element_type=\"widget\" data-widget_type=\"image.default\">\n\t\t\t\t<div class=\"elementor-widget-container\">\n\t\t\t\t\t\t\t\t\t\t\t\t\t<img loading=\"lazy\" decoding=\"async\" width=\"574\" height=\"574\" src=\"https:\/\/megazipline.is\/wp-content\/uploads\/2022\/01\/sustainable.svg\" class=\"attachment-full size-full wp-image-860\" alt=\"\" \/>\t\t\t\t\t\t\t\t\t\t\t\t\t<\/div>\n\t\t\t\t<\/div>\n\t\t\t\t<div class=\"elementor-element elementor-element-c9b1bda pp-dual-heading-inline elementor-widget elementor-widget-pp-dual-heading\" data-id=\"c9b1bda\" data-element_type=\"widget\" data-widget_type=\"pp-dual-heading.default\">\n\t\t\t\t<div class=\"elementor-widget-container\">\n\t\t\t\t\t\t<h2 class=\"pp-dual-heading\">\n\t\t\t\t\t\t\t\t\t<span class=\"pp-second-text\">\n\t\t\t\t\t\tSj\u00e1lfb\u00e6rni\t\t\t\t\t<\/span>\n\t\t\t\t\t\t\t\t<\/h2>\n\t\t\t\t\t<\/div>\n\t\t\t\t<\/div>\n\t\t\t\t<div class=\"elementor-element elementor-element-bb7ebd6 elementor-widget elementor-widget-text-editor\" data-id=\"bb7ebd6\" data-element_type=\"widget\" data-widget_type=\"text-editor.default\">\n\t\t\t\t<div class=\"elementor-widget-container\">\n\t\t\t\t\t\t\tMega Zipline flokkar og endurvinnur allan \u00fargang og fylgir \u00edslenska g\u00e6\u00f0asta\u00f0linum Vakanum. Starfsemin er kn\u00fain sj\u00e1fb\u00e6rum orkugj\u00f6fum og vi\u00f0 munum kolefnisjafna alla \u00fe\u00e1 \u00fe\u00e6tti sem ekki standast \u00feau vi\u00f0mi\u00f0.\n\t\t\t\t\t\t<\/div>\n\t\t\t\t<\/div>\n\t\t\t\t\t<\/div>\n\t\t<\/div>\n\t\t\t\t<div class=\"elementor-column elementor-col-33 elementor-inner-column elementor-element elementor-element-d8412e4\" data-id=\"d8412e4\" data-element_type=\"column\">\n\t\t\t<div class=\"elementor-widget-wrap elementor-element-populated\">\n\t\t\t\t\t\t<div class=\"elementor-element elementor-element-21f8a57 elementor-widget elementor-widget-image\" data-id=\"21f8a57\" data-element_type=\"widget\" data-widget_type=\"image.default\">\n\t\t\t\t<div class=\"elementor-widget-container\">\n\t\t\t\t\t\t\t\t\t\t\t\t\t<img loading=\"lazy\" decoding=\"async\" width=\"574\" height=\"574\" src=\"https:\/\/megazipline.is\/wp-content\/uploads\/2022\/01\/carbon.svg\" class=\"attachment-full size-full wp-image-862\" alt=\"\" \/>\t\t\t\t\t\t\t\t\t\t\t\t\t<\/div>\n\t\t\t\t<\/div>\n\t\t\t\t<div class=\"elementor-element elementor-element-bb9e728 pp-dual-heading-inline elementor-widget elementor-widget-pp-dual-heading\" data-id=\"bb9e728\" data-element_type=\"widget\" data-widget_type=\"pp-dual-heading.default\">\n\t\t\t\t<div class=\"elementor-widget-container\">\n\t\t\t\t\t\t<h2 class=\"pp-dual-heading\">\n\t\t\t\t\t\t\t\t\t<span class=\"pp-second-text\">\n\t\t\t\t\t\tKolefnisj\u00f6fnun\t\t\t\t\t<\/span>\n\t\t\t\t\t\t\t\t<\/h2>\n\t\t\t\t\t<\/div>\n\t\t\t\t<\/div>\n\t\t\t\t<div class=\"elementor-element elementor-element-845e6a3 elementor-widget elementor-widget-text-editor\" data-id=\"845e6a3\" data-element_type=\"widget\" data-widget_type=\"text-editor.default\">\n\t\t\t\t<div class=\"elementor-widget-container\">\n\t\t\t\t\t\t\tMega Zipline kolefnisjafnar rekstur sinn \u00ed gegnum Kolvi\u00f0 - \u00edslenska kolefnissj\u00f3\u00f0inn. Vi\u00f0 erum enn ekki b\u00fain a\u00f0 finna lausn til a\u00f0 aksturinn upp a\u00f0 l\u00ednunni ver\u00f0i me\u00f0 rafb\u00edl  en vi\u00f0 munum fj\u00e1rfesta \u00ed rafb\u00edl um lei\u00f0 og f\u00fdsileg lei\u00f0 finnst. \u00dear til s\u00fa lausn finnst munum vi\u00f0 kolefnisjafna aksturinn. Vi\u00f0 notumst vi\u00f0 Meniga kolefnisreikninn.\t\t\t\t\t\t<\/div>\n\t\t\t\t<\/div>\n\t\t\t\t\t<\/div>\n\t\t<\/div>\n\t\t\t\t\t<\/div>\n\t\t<\/section>\n\t\t\t\t\t<\/div>\n\t\t<\/div>\n\t\t\t\t\t<\/div>\n\t\t<\/section>\n\t\t\t\t<\/div>","protected":false},"excerpt":{"rendered":"<p>About us About us The Company While in the depths of the global pandemic, in early 2021, the minds behind Mega Zipline made it our goal to develop an attraction in Iceland that gave visitors a dose of adrenaline and a unique view of the country&#8217;s stunning natural landscape. Hverager\u00f0i was chosen as the location [&hellip;]<\/p>","protected":false},"author":5,"featured_media":0,"parent":0,"menu_order":0,"comment_status":"closed","ping_status":"closed","template":"elementor_header_footer","meta":{"footnotes":""},"class_list":["post-119","page","type-page","status-publish","hentry"],"yoast_head":"<!-- This site is optimized with the Yoast SEO plugin v23.0 - https:\/\/yoast.com\/wordpress\/plugins\/seo\/ -->\n<title>About us - MEGA ZIPLINE<\/title>\n<meta name=\"robots\" content=\"index, follow, max-snippet:-1, max-image-preview:large, max-video-preview:-1\" \/>\n<link rel=\"canonical\" href=\"https:\/\/megazipline.is\/is\/about-us\/\" \/>\n<meta property=\"og:locale\" content=\"is_IS\" \/>\n<meta property=\"og:type\" content=\"article\" \/>\n<meta property=\"og:title\" content=\"About us - MEGA ZIPLINE\" \/>\n<meta property=\"og:description\" content=\"About us About us The Company While in the depths of the global pandemic, in early 2021, the minds behind Mega Zipline made it our goal to develop an attraction in Iceland that gave visitors a dose of adrenaline and a unique view of the country&#8217;s stunning natural landscape. Hverager\u00f0i was chosen as the location [&hellip;]\" \/>\n<meta property=\"og:url\" content=\"https:\/\/megazipline.is\/is\/about-us\/\" \/>\n<meta property=\"og:site_name\" content=\"MEGA ZIPLINE\" \/>\n<meta property=\"article:modified_time\" content=\"2022-05-25T15:26:35+00:00\" \/>\n<meta property=\"og:image\" content=\"https:\/\/megazipline.is\/wp-content\/uploads\/2021\/12\/lojo.jpg\" \/>\n<meta name=\"twitter:card\" content=\"summary_large_image\" \/>\n<meta name=\"twitter:label1\" content=\"Est. reading time\" \/>\n\t<meta name=\"twitter:data1\" content=\"2 minutes\" \/>\n<script type=\"application\/ld+json\" class=\"yoast-schema-graph\">{\"@context\":\"https:\/\/schema.org\",\"@graph\":[{\"@type\":\"WebPage\",\"@id\":\"https:\/\/megazipline.is\/about-us\/\",\"url\":\"https:\/\/megazipline.is\/about-us\/\",\"name\":\"About us - MEGA ZIPLINE\",\"isPartOf\":{\"@id\":\"https:\/\/megazipline.is\/#website\"},\"primaryImageOfPage\":{\"@id\":\"https:\/\/megazipline.is\/about-us\/#primaryimage\"},\"image\":{\"@id\":\"https:\/\/megazipline.is\/about-us\/#primaryimage\"},\"thumbnailUrl\":\"https:\/\/megazipline.is\/wp-content\/uploads\/2021\/12\/lojo.jpg\",\"datePublished\":\"2021-12-23T08:29:06+00:00\",\"dateModified\":\"2022-05-25T15:26:35+00:00\",\"breadcrumb\":{\"@id\":\"https:\/\/megazipline.is\/about-us\/#breadcrumb\"},\"inLanguage\":\"is\",\"potentialAction\":[{\"@type\":\"ReadAction\",\"target\":[\"https:\/\/megazipline.is\/about-us\/\"]}]},{\"@type\":\"ImageObject\",\"inLanguage\":\"is\",\"@id\":\"https:\/\/megazipline.is\/about-us\/#primaryimage\",\"url\":\"https:\/\/megazipline.is\/wp-content\/uploads\/2021\/12\/lojo.jpg\",\"contentUrl\":\"https:\/\/megazipline.is\/wp-content\/uploads\/2021\/12\/lojo.jpg\"},{\"@type\":\"BreadcrumbList\",\"@id\":\"https:\/\/megazipline.is\/about-us\/#breadcrumb\",\"itemListElement\":[{\"@type\":\"ListItem\",\"position\":1,\"name\":\"Home\",\"item\":\"https:\/\/megazipline.is\/\"},{\"@type\":\"ListItem\",\"position\":2,\"name\":\"About us\"}]},{\"@type\":\"WebSite\",\"@id\":\"https:\/\/megazipline.is\/#website\",\"url\":\"https:\/\/megazipline.is\/\",\"name\":\"MEGA ZIPLINE\",\"description\":\"Iceland\u2019s Longest Zipline\",\"potentialAction\":[{\"@type\":\"SearchAction\",\"target\":{\"@type\":\"EntryPoint\",\"urlTemplate\":\"https:\/\/megazipline.is\/?s={search_term_string}\"},\"query-input\":\"required name=search_term_string\"}],\"inLanguage\":\"is\"}]}<\/script>\n<!-- \/ Yoast SEO plugin. -->","yoast_head_json":{"title":"About us - MEGA ZIPLINE","robots":{"index":"index","follow":"follow","max-snippet":"max-snippet:-1","max-image-preview":"max-image-preview:large","max-video-preview":"max-video-preview:-1"},"canonical":"https:\/\/megazipline.is\/is\/about-us\/","og_locale":"is_IS","og_type":"article","og_title":"About us - MEGA ZIPLINE","og_description":"About us About us The Company While in the depths of the global pandemic, in early 2021, the minds behind Mega Zipline made it our goal to develop an attraction in Iceland that gave visitors a dose of adrenaline and a unique view of the country&#8217;s stunning natural landscape. Hverager\u00f0i was chosen as the location [&hellip;]","og_url":"https:\/\/megazipline.is\/is\/about-us\/","og_site_name":"MEGA ZIPLINE","article_modified_time":"2022-05-25T15:26:35+00:00","og_image":[{"url":"https:\/\/megazipline.is\/wp-content\/uploads\/2021\/12\/lojo.jpg"}],"twitter_card":"summary_large_image","twitter_misc":{"Est. reading time":"2 minutes"},"schema":{"@context":"https:\/\/schema.org","@graph":[{"@type":"WebPage","@id":"https:\/\/megazipline.is\/about-us\/","url":"https:\/\/megazipline.is\/about-us\/","name":"About us - MEGA ZIPLINE","isPartOf":{"@id":"https:\/\/megazipline.is\/#website"},"primaryImageOfPage":{"@id":"https:\/\/megazipline.is\/about-us\/#primaryimage"},"image":{"@id":"https:\/\/megazipline.is\/about-us\/#primaryimage"},"thumbnailUrl":"https:\/\/megazipline.is\/wp-content\/uploads\/2021\/12\/lojo.jpg","datePublished":"2021-12-23T08:29:06+00:00","dateModified":"2022-05-25T15:26:35+00:00","breadcrumb":{"@id":"https:\/\/megazipline.is\/about-us\/#breadcrumb"},"inLanguage":"is","potentialAction":[{"@type":"ReadAction","target":["https:\/\/megazipline.is\/about-us\/"]}]},{"@type":"ImageObject","inLanguage":"is","@id":"https:\/\/megazipline.is\/about-us\/#primaryimage","url":"https:\/\/megazipline.is\/wp-content\/uploads\/2021\/12\/lojo.jpg","contentUrl":"https:\/\/megazipline.is\/wp-content\/uploads\/2021\/12\/lojo.jpg"},{"@type":"BreadcrumbList","@id":"https:\/\/megazipline.is\/about-us\/#breadcrumb","itemListElement":[{"@type":"ListItem","position":1,"name":"Home","item":"https:\/\/megazipline.is\/"},{"@type":"ListItem","position":2,"name":"About us"}]},{"@type":"WebSite","@id":"https:\/\/megazipline.is\/#website","url":"https:\/\/megazipline.is\/","name":"MEGA ZIPLINE","description":"Iceland\u2019s Longest Zipline","potentialAction":[{"@type":"SearchAction","target":{"@type":"EntryPoint","urlTemplate":"https:\/\/megazipline.is\/?s={search_term_string}"},"query-input":"required name=search_term_string"}],"inLanguage":"is"}]}},"_links":{"self":[{"href":"https:\/\/megazipline.is\/is\/wp-json\/wp\/v2\/pages\/119","targetHints":{"allow":["GET"]}}],"collection":[{"href":"https:\/\/megazipline.is\/is\/wp-json\/wp\/v2\/pages"}],"about":[{"href":"https:\/\/megazipline.is\/is\/wp-json\/wp\/v2\/types\/page"}],"author":[{"embeddable":true,"href":"https:\/\/megazipline.is\/is\/wp-json\/wp\/v2\/users\/5"}],"replies":[{"embeddable":true,"href":"https:\/\/megazipline.is\/is\/wp-json\/wp\/v2\/comments?post=119"}],"version-history":[{"count":0,"href":"https:\/\/megazipline.is\/is\/wp-json\/wp\/v2\/pages\/119\/revisions"}],"wp:attachment":[{"href":"https:\/\/megazipline.is\/is\/wp-json\/wp\/v2\/media?parent=119"}],"curies":[{"name":"wp","href":"https:\/\/api.w.org\/{rel}","templated":true}]}}